{"id":140,"date":"2022-05-04T10:20:01","date_gmt":"2022-05-04T10:20:01","guid":{"rendered":"https:\/\/vietoryachts.nl\/?page_id=140"},"modified":"2024-02-29T11:29:24","modified_gmt":"2024-02-29T11:29:24","slug":"charter","status":"publish","type":"page","link":"https:\/\/vietoryachts.nl\/en\/charter\/","title":{"rendered":"Charter"},"content":{"rendered":"<div data-elementor-type=\"wp-page\" data-elementor-id=\"140\" class=\"elementor elementor-140\" data-elementor-post-type=\"page\">\n\t\t\t\t\t\t<section class=\"elementor-section elementor-top-section elementor-element elementor-element-11c7030 elementor-section-full_width elementor-section-height-default elementor-section-height-default\" data-id=\"11c7030\" data-element_type=\"section\">\n\t\t\t\t\t\t<div class=\"elementor-container elementor-column-gap-no\">\n\t\t\t\t\t<div class=\"elementor-column elementor-col-100 elementor-top-column elementor-element elementor-element-c55e917\" data-id=\"c55e917\" data-element_type=\"column\">\n\t\t\t<div class=\"elementor-widget-wrap elementor-element-populated\">\n\t\t\t\t\t\t<div class=\"elementor-element elementor-element-2c7260f elementor--h-position-right elementor--v-position-middle elementor-pagination-position-inside elementor-widget elementor-widget-slides\" data-id=\"2c7260f\" data-element_type=\"widget\" data-settings=\"{&quot;navigation&quot;:&quot;dots&quot;,&quot;transition&quot;:&quot;fade&quot;,&quot;autoplay&quot;:&quot;yes&quot;,&quot;autoplay_speed&quot;:5000,&quot;infinite&quot;:&quot;yes&quot;,&quot;transition_speed&quot;:500}\" data-widget_type=\"slides.default\">\n\t\t\t\t<div class=\"elementor-widget-container\">\n\t\t\t\t\t\t\t\t\t<div class=\"elementor-swiper\">\n\t\t\t\t\t<div class=\"elementor-slides-wrapper elementor-main-swiper swiper\" role=\"region\" aria-roledescription=\"carousel\" aria-label=\"Slides\" dir=\"ltr\" data-animation=\"\">\n\t\t\t\t<div class=\"swiper-wrapper elementor-slides\">\n\t\t\t\t\t\t\t\t\t\t<div class=\"elementor-repeater-item-9f4c43b swiper-slide\" role=\"group\" aria-roledescription=\"slide\"><div class=\"swiper-slide-bg\" role=\"img\"><\/div><div class=\"swiper-slide-inner\" ><div class=\"swiper-slide-contents\"><div class=\"elementor-slide-heading\">KOMOKWA<\/div><a href=\"https:\/\/vietoryachts.nl\/en\/boats\/komokwa\/\" class=\"elementor-button elementor-slide-button elementor-size-sm\">view this boat<\/a><\/div><\/div><\/div><div class=\"elementor-repeater-item-a29be01 swiper-slide\" role=\"group\" aria-roledescription=\"slide\"><div class=\"swiper-slide-bg\" role=\"img\"><\/div><div class=\"swiper-slide-inner\" ><div class=\"swiper-slide-contents\"><div class=\"elementor-slide-heading\">Wester Engh 980<\/div><a href=\"https:\/\/vietoryachts.nl\/en\/boats\/wester-engh-980\/\" class=\"elementor-button elementor-slide-button elementor-size-sm\">view this boat<\/a><\/div><\/div><\/div>\t\t\t\t<\/div>\n\t\t\t\t\t\t\t\t\t\t\t\t\t\t\t\t\t\t\t\t<div class=\"swiper-pagination\"><\/div>\n\t\t\t\t\t\t\t\t\t\t\t\t<\/div>\n\t\t\t\t<\/div>\n\t\t\t\t\t\t\t\t<\/div>\n\t\t\t\t<\/div>\n\t\t\t\t\t<\/div>\n\t\t<\/div>\n\t\t\t\t\t<\/div>\n\t\t<\/section>\n\t\t\t\t<section class=\"elementor-section elementor-top-section elementor-element elementor-element-fde164e elementor-section-content-middle elementor-section-boxed elementor-section-height-default elementor-section-height-default\" data-id=\"fde164e\" data-element_type=\"section\">\n\t\t\t\t\t\t<div class=\"elementor-container elementor-column-gap-no\">\n\t\t\t\t\t<div class=\"elementor-column elementor-col-50 elementor-top-column elementor-element elementor-element-bf6579c\" data-id=\"bf6579c\" data-element_type=\"column\">\n\t\t\t<div class=\"elementor-widget-wrap elementor-element-populated\">\n\t\t\t\t\t\t<div class=\"elementor-element elementor-element-6769ea9 elementor-invisible elementor-widget elementor-widget-heading\" data-id=\"6769ea9\" data-element_type=\"widget\" data-settings=\"{&quot;_animation&quot;:&quot;fadeIn&quot;,&quot;_animation_delay&quot;:500}\" data-widget_type=\"heading.default\">\n\t\t\t\t<div class=\"elementor-widget-container\">\n\t\t\t\t\t<h2 class=\"elementor-heading-title elementor-size-default\">Yacht charters<\/h2>\t\t\t\t<\/div>\n\t\t\t\t<\/div>\n\t\t\t\t<div class=\"elementor-element elementor-element-058b18d elementor-widget-divider--view-line elementor-invisible elementor-widget elementor-widget-divider\" data-id=\"058b18d\" data-element_type=\"widget\" data-settings=\"{&quot;_animation&quot;:&quot;fadeIn&quot;,&quot;_animation_delay&quot;:500}\" data-widget_type=\"divider.default\">\n\t\t\t\t<div class=\"elementor-widget-container\">\n\t\t\t\t\t\t\t<div class=\"elementor-divider\">\n\t\t\t<span class=\"elementor-divider-separator\">\n\t\t\t\t\t\t<\/span>\n\t\t<\/div>\n\t\t\t\t\t\t<\/div>\n\t\t\t\t<\/div>\n\t\t\t\t<div class=\"elementor-element elementor-element-6bfc583 elementor-invisible elementor-widget elementor-widget-text-editor\" data-id=\"6bfc583\" data-element_type=\"widget\" data-settings=\"{&quot;_animation&quot;:&quot;fadeIn&quot;,&quot;_animation_delay&quot;:500}\" data-widget_type=\"text-editor.default\">\n\t\t\t\t<div class=\"elementor-widget-container\">\n\t\t\t\t\t\t\t\t\t<p>Chartering with Vi\u00ebtor Yachts offers everything you can imagine and more, from absolute relaxation to breathtaking adventure and precious moments with loved one.<\/p><p>Chartering a yacht allows you to explore in places while having all the comforts and amenities. The possibilities are endless.<\/p><p>We will find out your requirements and carefully guide you through the selection process, help you make the final yacht choice and, of course, negotiate the best price for you.<\/p>\t\t\t\t\t\t\t\t<\/div>\n\t\t\t\t<\/div>\n\t\t\t\t\t<\/div>\n\t\t<\/div>\n\t\t\t\t<div class=\"elementor-column elementor-col-50 elementor-top-column elementor-element elementor-element-0c2dcc5\" data-id=\"0c2dcc5\" data-element_type=\"column\">\n\t\t\t<div class=\"elementor-widget-wrap elementor-element-populated\">\n\t\t\t\t\t\t<div class=\"elementor-element elementor-element-540ed9e elementor-invisible elementor-widget elementor-widget-heading\" data-id=\"540ed9e\" data-element_type=\"widget\" data-settings=\"{&quot;_animation&quot;:&quot;fadeIn&quot;,&quot;_animation_delay&quot;:500}\" data-widget_type=\"heading.default\">\n\t\t\t\t<div class=\"elementor-widget-container\">\n\t\t\t\t\t<h2 class=\"elementor-heading-title elementor-size-default\">Request a charter<\/h2>\t\t\t\t<\/div>\n\t\t\t\t<\/div>\n\t\t\t\t<div class=\"elementor-element elementor-element-7b26f16 elementor-invisible elementor-widget elementor-widget-text-editor\" data-id=\"7b26f16\" data-element_type=\"widget\" data-settings=\"{&quot;_animation&quot;:&quot;fadeIn&quot;,&quot;_animation_delay&quot;:500}\" data-widget_type=\"text-editor.default\">\n\t\t\t\t<div class=\"elementor-widget-container\">\n\t\t\t\t\t\t\t\t\t<p>We search your dream charter<\/p>\t\t\t\t\t\t\t\t<\/div>\n\t\t\t\t<\/div>\n\t\t\t\t<div class=\"elementor-element elementor-element-386932d elementor-button-align-stretch elementor-invisible elementor-widget elementor-widget-form\" data-id=\"386932d\" data-element_type=\"widget\" data-settings=\"{&quot;step_next_label&quot;:&quot;Next&quot;,&quot;step_previous_label&quot;:&quot;Previous&quot;,&quot;_animation&quot;:&quot;fadeIn&quot;,&quot;_animation_delay&quot;:500,&quot;button_width&quot;:&quot;100&quot;,&quot;step_type&quot;:&quot;number_text&quot;,&quot;step_icon_shape&quot;:&quot;circle&quot;}\" data-widget_type=\"form.default\">\n\t\t\t\t<div class=\"elementor-widget-container\">\n\t\t\t\t\t\t\t<form class=\"elementor-form\" method=\"post\" name=\"Boot charter formulier\" action=\"\">\n\t\t\t<input type=\"hidden\" name=\"post_id\" value=\"140\"\/>\n\t\t\t<input type=\"hidden\" name=\"form_id\" value=\"386932d\"\/>\n\t\t\t<input type=\"hidden\" name=\"referer_title\" value=\"Vietor Yachts\" \/>\n\n\t\t\t\n\t\t\t<div class=\"elementor-form-fields-wrapper elementor-labels-\">\n\t\t\t\t\t\t\t\t<div class=\"elementor-field-type-text elementor-field-group elementor-column elementor-field-group-name elementor-col-100\">\n\t\t\t\t\t\t\t\t\t\t\t\t<label for=\"form-field-name\" class=\"elementor-field-label elementor-screen-only\">\n\t\t\t\t\t\t\t\tName\t\t\t\t\t\t\t<\/label>\n\t\t\t\t\t\t\t\t\t\t\t\t\t\t<input size=\"1\" type=\"text\" name=\"form_fields[name]\" id=\"form-field-name\" class=\"elementor-field elementor-size-sm  elementor-field-textual\" placeholder=\"Name\">\n\t\t\t\t\t\t\t\t\t\t\t<\/div>\n\t\t\t\t\t\t\t\t<div class=\"elementor-field-type-email elementor-field-group elementor-column elementor-field-group-email elementor-col-50 elementor-field-required\">\n\t\t\t\t\t\t\t\t\t\t\t\t<label for=\"form-field-email\" class=\"elementor-field-label elementor-screen-only\">\n\t\t\t\t\t\t\t\tEmail\t\t\t\t\t\t\t<\/label>\n\t\t\t\t\t\t\t\t\t\t\t\t\t\t<input size=\"1\" type=\"email\" name=\"form_fields[email]\" id=\"form-field-email\" class=\"elementor-field elementor-size-sm  elementor-field-textual\" placeholder=\"Email\" required=\"required\">\n\t\t\t\t\t\t\t\t\t\t\t<\/div>\n\t\t\t\t\t\t\t\t<div class=\"elementor-field-type-tel elementor-field-group elementor-column elementor-field-group-field_19b3bbd elementor-col-50 elementor-field-required\">\n\t\t\t\t\t\t\t\t\t\t\t\t<label for=\"form-field-field_19b3bbd\" class=\"elementor-field-label elementor-screen-only\">\n\t\t\t\t\t\t\t\tMobile number\t\t\t\t\t\t\t<\/label>\n\t\t\t\t\t\t\t\t<input size=\"1\" type=\"tel\" name=\"form_fields[field_19b3bbd]\" id=\"form-field-field_19b3bbd\" class=\"elementor-field elementor-size-sm  elementor-field-textual\" placeholder=\"Mobile\" required=\"required\" pattern=\"[0-9()#&amp;+*-=.]+\" title=\"Only numbers and phone characters (#, -, *, etc) are accepted.\">\n\n\t\t\t\t\t\t<\/div>\n\t\t\t\t\t\t\t\t<div class=\"elementor-field-type-select elementor-field-group elementor-column elementor-field-group-field_ed55f66 elementor-col-100\">\n\t\t\t\t\t\t\t\t\t\t\t\t<label for=\"form-field-field_ed55f66\" class=\"elementor-field-label elementor-screen-only\">\n\t\t\t\t\t\t\t\tLand\t\t\t\t\t\t\t<\/label>\n\t\t\t\t\t\t\t\t<div class=\"elementor-field elementor-select-wrapper remove-before\">\n\t\t\t<div class=\"select-caret-down-wrapper\">\n\t\t\t\t<i aria-hidden=\"true\" class=\"eicon-caret-down\"><\/i>\t\t\t<\/div>\n\t\t\t<select name=\"form_fields[field_ed55f66]\" id=\"form-field-field_ed55f66\" class=\"elementor-field-textual elementor-size-sm\">\n\t\t\t\t\t\t\t\t\t<option value=\"Nederland\">Netherlands<\/option>\n\t\t\t\t\t\t\t\t\t<option value=\"Frankrijk - C\u00f4te d&#039;Azure\">Frankrijk - C\u00f4te d&#039;Azure<\/option>\n\t\t\t\t\t\t\t\t\t<option value=\"The Bahamas\">The Bahamas<\/option>\n\t\t\t\t\t\t\t\t\t<option value=\"Amerika - Florida\">Amerika - Florida<\/option>\n\t\t\t\t\t\t\t<\/select>\n\t\t<\/div>\n\t\t\t\t\t\t<\/div>\n\t\t\t\t\t\t\t\t<div class=\"elementor-field-type-text elementor-field-group elementor-column elementor-field-group-field_d427c8c elementor-col-100\">\n\t\t\t\t\t\t\t\t\t\t\t\t<label for=\"form-field-field_d427c8c\" class=\"elementor-field-label elementor-screen-only\">\n\t\t\t\t\t\t\t\tNumber of guest\t\t\t\t\t\t\t<\/label>\n\t\t\t\t\t\t\t\t\t\t\t\t\t\t<input size=\"1\" type=\"text\" name=\"form_fields[field_d427c8c]\" id=\"form-field-field_d427c8c\" class=\"elementor-field elementor-size-sm  elementor-field-textual\" placeholder=\"Number of guest\">\n\t\t\t\t\t\t\t\t\t\t\t<\/div>\n\t\t\t\t\t\t\t\t<div class=\"elementor-field-type-date elementor-field-group elementor-column elementor-field-group-field_30af73e elementor-col-100\">\n\t\t\t\t\t\t\t\t\t\t\t\t<label for=\"form-field-field_30af73e\" class=\"elementor-field-label elementor-screen-only\">\n\t\t\t\t\t\t\t\tStart Datum\t\t\t\t\t\t\t<\/label>\n\t\t\t\t\t\t\n\t\t<input type=\"date\" name=\"form_fields[field_30af73e]\" id=\"form-field-field_30af73e\" class=\"elementor-field elementor-size-sm  elementor-field-textual elementor-date-field\" placeholder=\"Start date\" pattern=\"[0-9]{4}-[0-9]{2}-[0-9]{2}\">\n\t\t\t\t\t\t<\/div>\n\t\t\t\t\t\t\t\t<div class=\"elementor-field-type-date elementor-field-group elementor-column elementor-field-group-field_7c4f071 elementor-col-100\">\n\t\t\t\t\t\t\t\t\t\t\t\t<label for=\"form-field-field_7c4f071\" class=\"elementor-field-label elementor-screen-only\">\n\t\t\t\t\t\t\t\tEnd date\t\t\t\t\t\t\t<\/label>\n\t\t\t\t\t\t\n\t\t<input type=\"date\" name=\"form_fields[field_7c4f071]\" id=\"form-field-field_7c4f071\" class=\"elementor-field elementor-size-sm  elementor-field-textual elementor-date-field\" placeholder=\"End date\" pattern=\"[0-9]{4}-[0-9]{2}-[0-9]{2}\">\n\t\t\t\t\t\t<\/div>\n\t\t\t\t\t\t\t\t<div class=\"elementor-field-type-textarea elementor-field-group elementor-column elementor-field-group-message elementor-col-100\">\n\t\t\t\t\t\t\t\t\t\t\t\t<label for=\"form-field-message\" class=\"elementor-field-label elementor-screen-only\">\n\t\t\t\t\t\t\t\tMessage\t\t\t\t\t\t\t<\/label>\n\t\t\t\t\t\t<textarea class=\"elementor-field-textual elementor-field  elementor-size-sm\" name=\"form_fields[message]\" id=\"form-field-message\" rows=\"4\" placeholder=\"Message\"><\/textarea>\t\t\t\t<\/div>\n\t\t\t\t\t\t\t\t<div class=\"elementor-field-group elementor-column elementor-field-type-submit elementor-col-100 e-form__buttons\">\n\t\t\t\t\t<button class=\"elementor-button elementor-size-sm\" type=\"submit\">\n\t\t\t\t\t\t<span class=\"elementor-button-content-wrapper\">\n\t\t\t\t\t\t\t\t\t\t\t\t\t\t\t\t\t\t\t\t\t\t<span class=\"elementor-button-text\">Send your request<\/span>\n\t\t\t\t\t\t\t\t\t\t\t\t\t<\/span>\n\t\t\t\t\t<\/button>\n\t\t\t\t<\/div>\n\t\t\t<\/div>\n\t\t<input type=\"hidden\" name=\"trp-form-language\" value=\"en\"\/><\/form>\n\t\t\t\t\t\t<\/div>\n\t\t\t\t<\/div>\n\t\t\t\t\t<\/div>\n\t\t<\/div>\n\t\t\t\t\t<\/div>\n\t\t<\/section>\n\t\t\t\t<\/div>","protected":false},"excerpt":{"rendered":"<p>KOMOKWABekijk deze bootWester Engh 980Bekijk deze boot Jacht charter Charteren met Vi\u00ebtor Yachts biedt alles wat u zich maar kunt voorstellen en meer, van absolute ontspanning tot adembenemende avontuur en dierbare momenten met geliefde. Het charteren van een jacht stelt u in staat om op plekken te ontdekken terwijl u alle comfort en voorzieningen heeft. [&hellip;]<\/p>","protected":false},"author":1,"featured_media":0,"parent":0,"menu_order":0,"comment_status":"closed","ping_status":"closed","template":"","meta":{"content-type":"","footnotes":""},"class_list":["post-140","page","type-page","status-publish","hentry"],"yoast_head":"<!-- This site is optimized with the Yoast SEO plugin v25.2 - https:\/\/yoast.com\/wordpress\/plugins\/seo\/ -->\n<title>Vi\u00ebtor Yachts | Charter | Jachtmakelaar | Yachtbroker<\/title>\n<meta name=\"description\" content=\"Vi\u00ebtor Yachts is een makelaar in luxe jachtcharters. Wij bieden priv\u00e9 jacht-charters met bemanning en zakenjachten naar de beste bestemmingen\" \/>\n<meta name=\"robots\" content=\"index, follow, max-snippet:-1, max-image-preview:large, max-video-preview:-1\" \/>\n<link rel=\"canonical\" href=\"https:\/\/vietoryachts.nl\/en\/charter\/\" \/>\n<meta property=\"og:locale\" content=\"en_GB\" \/>\n<meta property=\"og:type\" content=\"article\" \/>\n<meta property=\"og:title\" content=\"Vi\u00ebtor Yachts | Charter | Jachtmakelaar | Yachtbroker\" \/>\n<meta property=\"og:description\" content=\"Vi\u00ebtor Yachts is een makelaar in luxe jachtcharters. Wij bieden priv\u00e9 jacht-charters met bemanning en zakenjachten naar de beste bestemmingen\" \/>\n<meta property=\"og:url\" content=\"https:\/\/vietoryachts.nl\/en\/charter\/\" \/>\n<meta property=\"og:site_name\" content=\"Vietor Yachts\" \/>\n<meta property=\"article:modified_time\" content=\"2024-02-29T11:29:24+00:00\" \/>\n<meta name=\"twitter:card\" content=\"summary_large_image\" \/>\n<meta name=\"twitter:label1\" content=\"Estimated reading time\" \/>\n\t<meta name=\"twitter:data1\" content=\"1 minute\" \/>\n<script type=\"application\/ld+json\" class=\"yoast-schema-graph\">{\"@context\":\"https:\/\/schema.org\",\"@graph\":[{\"@type\":\"WebPage\",\"@id\":\"https:\/\/vietoryachts.nl\/charter\/\",\"url\":\"https:\/\/vietoryachts.nl\/charter\/\",\"name\":\"Vi\u00ebtor Yachts | Charter | Jachtmakelaar | Yachtbroker\",\"isPartOf\":{\"@id\":\"https:\/\/vietoryachts.nl\/#website\"},\"datePublished\":\"2022-05-04T10:20:01+00:00\",\"dateModified\":\"2024-02-29T11:29:24+00:00\",\"description\":\"Vi\u00ebtor Yachts is een makelaar in luxe jachtcharters. Wij bieden priv\u00e9 jacht-charters met bemanning en zakenjachten naar de beste bestemmingen\",\"breadcrumb\":{\"@id\":\"https:\/\/vietoryachts.nl\/charter\/#breadcrumb\"},\"inLanguage\":\"en-GB\",\"potentialAction\":[{\"@type\":\"ReadAction\",\"target\":[\"https:\/\/vietoryachts.nl\/charter\/\"]}]},{\"@type\":\"BreadcrumbList\",\"@id\":\"https:\/\/vietoryachts.nl\/charter\/#breadcrumb\",\"itemListElement\":[{\"@type\":\"ListItem\",\"position\":1,\"name\":\"Home\",\"item\":\"https:\/\/vietoryachts.nl\/\"},{\"@type\":\"ListItem\",\"position\":2,\"name\":\"Charter\"}]},{\"@type\":\"WebSite\",\"@id\":\"https:\/\/vietoryachts.nl\/#website\",\"url\":\"https:\/\/vietoryachts.nl\/\",\"name\":\"Vietor Yachts\",\"description\":\"\",\"publisher\":{\"@id\":\"https:\/\/vietoryachts.nl\/#organization\"},\"potentialAction\":[{\"@type\":\"SearchAction\",\"target\":{\"@type\":\"EntryPoint\",\"urlTemplate\":\"https:\/\/vietoryachts.nl\/?s={search_term_string}\"},\"query-input\":{\"@type\":\"PropertyValueSpecification\",\"valueRequired\":true,\"valueName\":\"search_term_string\"}}],\"inLanguage\":\"en-GB\"},{\"@type\":\"Organization\",\"@id\":\"https:\/\/vietoryachts.nl\/#organization\",\"name\":\"Vi\u00ebtor Yachts\",\"url\":\"https:\/\/vietoryachts.nl\/\",\"logo\":{\"@type\":\"ImageObject\",\"inLanguage\":\"en-GB\",\"@id\":\"https:\/\/vietoryachts.nl\/#\/schema\/logo\/image\/\",\"url\":\"https:\/\/vietoryachts.nl\/wp-content\/uploads\/2022\/05\/vietor-yachts-logo-500mm-1.png\",\"contentUrl\":\"https:\/\/vietoryachts.nl\/wp-content\/uploads\/2022\/05\/vietor-yachts-logo-500mm-1.png\",\"width\":5907,\"height\":2727,\"caption\":\"Vi\u00ebtor Yachts\"},\"image\":{\"@id\":\"https:\/\/vietoryachts.nl\/#\/schema\/logo\/image\/\"}}]}<\/script>\n<!-- \/ Yoast SEO plugin. -->","yoast_head_json":{"title":"Vi\u00ebtor Yachts | Charter | Jachtmakelaar | Yachtbroker","description":"Vi\u00ebtor Yachts is een makelaar in luxe jachtcharters. Wij bieden priv\u00e9 jacht-charters met bemanning en zakenjachten naar de beste bestemmingen","robots":{"index":"index","follow":"follow","max-snippet":"max-snippet:-1","max-image-preview":"max-image-preview:large","max-video-preview":"max-video-preview:-1"},"canonical":"https:\/\/vietoryachts.nl\/en\/charter\/","og_locale":"en_GB","og_type":"article","og_title":"Vi\u00ebtor Yachts | Charter | Jachtmakelaar | Yachtbroker","og_description":"Vi\u00ebtor Yachts is een makelaar in luxe jachtcharters. Wij bieden priv\u00e9 jacht-charters met bemanning en zakenjachten naar de beste bestemmingen","og_url":"https:\/\/vietoryachts.nl\/en\/charter\/","og_site_name":"Vietor Yachts","article_modified_time":"2024-02-29T11:29:24+00:00","twitter_card":"summary_large_image","twitter_misc":{"Estimated reading time":"1 minute"},"schema":{"@context":"https:\/\/schema.org","@graph":[{"@type":"WebPage","@id":"https:\/\/vietoryachts.nl\/charter\/","url":"https:\/\/vietoryachts.nl\/charter\/","name":"Vi\u00ebtor Yachts | Charter | Jachtmakelaar | Yachtbroker","isPartOf":{"@id":"https:\/\/vietoryachts.nl\/#website"},"datePublished":"2022-05-04T10:20:01+00:00","dateModified":"2024-02-29T11:29:24+00:00","description":"Vi\u00ebtor Yachts is een makelaar in luxe jachtcharters. Wij bieden priv\u00e9 jacht-charters met bemanning en zakenjachten naar de beste bestemmingen","breadcrumb":{"@id":"https:\/\/vietoryachts.nl\/charter\/#breadcrumb"},"inLanguage":"en-GB","potentialAction":[{"@type":"ReadAction","target":["https:\/\/vietoryachts.nl\/charter\/"]}]},{"@type":"BreadcrumbList","@id":"https:\/\/vietoryachts.nl\/charter\/#breadcrumb","itemListElement":[{"@type":"ListItem","position":1,"name":"Home","item":"https:\/\/vietoryachts.nl\/"},{"@type":"ListItem","position":2,"name":"Charter"}]},{"@type":"WebSite","@id":"https:\/\/vietoryachts.nl\/#website","url":"https:\/\/vietoryachts.nl\/","name":"Vietor Yachts","description":"","publisher":{"@id":"https:\/\/vietoryachts.nl\/#organization"},"potentialAction":[{"@type":"SearchAction","target":{"@type":"EntryPoint","urlTemplate":"https:\/\/vietoryachts.nl\/?s={search_term_string}"},"query-input":{"@type":"PropertyValueSpecification","valueRequired":true,"valueName":"search_term_string"}}],"inLanguage":"en-GB"},{"@type":"Organization","@id":"https:\/\/vietoryachts.nl\/#organization","name":"Vi\u00ebtor Yachts","url":"https:\/\/vietoryachts.nl\/","logo":{"@type":"ImageObject","inLanguage":"en-GB","@id":"https:\/\/vietoryachts.nl\/#\/schema\/logo\/image\/","url":"https:\/\/vietoryachts.nl\/wp-content\/uploads\/2022\/05\/vietor-yachts-logo-500mm-1.png","contentUrl":"https:\/\/vietoryachts.nl\/wp-content\/uploads\/2022\/05\/vietor-yachts-logo-500mm-1.png","width":5907,"height":2727,"caption":"Vi\u00ebtor Yachts"},"image":{"@id":"https:\/\/vietoryachts.nl\/#\/schema\/logo\/image\/"}}]}},"_links":{"self":[{"href":"https:\/\/vietoryachts.nl\/en\/wp-json\/wp\/v2\/pages\/140","targetHints":{"allow":["GET"]}}],"collection":[{"href":"https:\/\/vietoryachts.nl\/en\/wp-json\/wp\/v2\/pages"}],"about":[{"href":"https:\/\/vietoryachts.nl\/en\/wp-json\/wp\/v2\/types\/page"}],"author":[{"embeddable":true,"href":"https:\/\/vietoryachts.nl\/en\/wp-json\/wp\/v2\/users\/1"}],"replies":[{"embeddable":true,"href":"https:\/\/vietoryachts.nl\/en\/wp-json\/wp\/v2\/comments?post=140"}],"version-history":[{"count":3,"href":"https:\/\/vietoryachts.nl\/en\/wp-json\/wp\/v2\/pages\/140\/revisions"}],"predecessor-version":[{"id":1874,"href":"https:\/\/vietoryachts.nl\/en\/wp-json\/wp\/v2\/pages\/140\/revisions\/1874"}],"wp:attachment":[{"href":"https:\/\/vietoryachts.nl\/en\/wp-json\/wp\/v2\/media?parent=140"}],"curies":[{"name":"wp","href":"https:\/\/api.w.org\/{rel}","templated":true}]}}